{"id":1212,"date":"2025-03-31T14:27:37","date_gmt":"2025-03-31T12:27:37","guid":{"rendered":"https:\/\/hotelcuevas.com\/?page_id=1212"},"modified":"2025-04-11T12:46:43","modified_gmt":"2025-04-11T10:46:43","slug":"club-cuevas","status":"publish","type":"page","link":"https:\/\/hotelcuevas.com\/en\/club-cuevas\/","title":{"rendered":"Club Hotel Cuevas"},"content":{"rendered":"\t\t<div data-elementor-type=\"wp-page\" data-elementor-id=\"1212\" class=\"elementor elementor-1212\" data-elementor-post-type=\"page\">\n\t\t\t\t<div class=\"elementor-element elementor-element-eac83ee e-con-full elementor-hidden-mobile e-flex e-con e-parent\" data-id=\"eac83ee\" data-element_type=\"container\" data-e-type=\"container\" data-settings=\"{&quot;background_background&quot;:&quot;classic&quot;}\">\n\t\t\t\t<\/div>\n\t\t<div class=\"elementor-element elementor-element-a42b34c e-con-full e-flex e-con e-parent\" data-id=\"a42b34c\" data-element_type=\"container\" data-e-type=\"container\" data-settings=\"{&quot;background_background&quot;:&quot;classic&quot;}\">\n\t\t<div class=\"elementor-element elementor-element-73d61ea e-con-full e-flex e-con e-child\" data-id=\"73d61ea\" data-element_type=\"container\" data-e-type=\"container\">\n\t\t\t\t<div class=\"elementor-element elementor-element-32a9f61 elementor-widget elementor-widget-heading\" data-id=\"32a9f61\" data-element_type=\"widget\" data-e-type=\"widget\" data-widget_type=\"heading.default\">\n\t\t\t\t<div class=\"elementor-widget-container\">\n\t\t\t\t\t<h1 class=\"elementor-heading-title elementor-size-default\">CLUB HOTEL CUEVAS<\/h1>\t\t\t\t<\/div>\n\t\t\t\t<\/div>\n\t\t\t\t<div class=\"elementor-element elementor-element-7f7e365 elementor-widget__width-initial elementor-widget elementor-widget-heading\" data-id=\"7f7e365\" data-element_type=\"widget\" data-e-type=\"widget\" data-widget_type=\"heading.default\">\n\t\t\t\t<div class=\"elementor-widget-container\">\n\t\t\t\t\t<h2 class=\"elementor-heading-title elementor-size-default\">Tu escapada con beneficios exclusivos\n<\/h2>\t\t\t\t<\/div>\n\t\t\t\t<\/div>\n\t\t\t\t<div class=\"elementor-element elementor-element-64133f7 elementor-widget elementor-widget-text-editor\" data-id=\"64133f7\" data-element_type=\"widget\" data-e-type=\"widget\" data-widget_type=\"text-editor.default\">\n\t\t\t\t<div class=\"elementor-widget-container\">\n\t\t\t\t\t\t\t\t\t<p>\u00danete a nuestro club y empieza a disfrutar de condiciones especiales pensadas solo para ti.<br data-start=\"323\" data-end=\"326\" \/>Reg\u00edstrate o inicia sesi\u00f3n y acumula puntos con cada reserva. Canj\u00e9alos por <strong data-start=\"402\" data-end=\"427\">descuentos exclusivos<\/strong> y ventajas personalizadas en tus pr\u00f3ximas estancias.<\/p><p>Porque cada experiencia Cuevas merece ser premiada.<\/p>\t\t\t\t\t\t\t\t<\/div>\n\t\t\t\t<\/div>\n\t\t\t\t<\/div>\n\t\t\t\t<\/div>\n\t\t<div class=\"elementor-element elementor-element-db9a960 e-flex e-con-boxed e-con e-parent\" data-id=\"db9a960\" data-element_type=\"container\" data-e-type=\"container\">\n\t\t\t\t\t<div class=\"e-con-inner\">\n\t\t\t\t<div class=\"elementor-element elementor-element-1a35da3 elementor-widget elementor-widget-html\" data-id=\"1a35da3\" data-element_type=\"widget\" data-e-type=\"widget\" data-widget_type=\"html.default\">\n\t\t\t\t<div class=\"elementor-widget-container\">\n\t\t\t\t\t<iframe src=\"https:\/\/booking.hotelcuevas.com\/95461168\/loyalty\/accessPoint\"  frameborder=\"0\" height=\"750\" width=\"50%\"><\/iframe>\t\t\t\t<\/div>\n\t\t\t\t<\/div>\n\t\t\t\t\t<\/div>\n\t\t\t\t<\/div>\n\t\t\t\t<\/div>\n\t\t","protected":false},"excerpt":{"rendered":"<p>Disfruta del confort que te ofrecen nuestras habitaciones con jacuzzi. Planifica tu escapada en Hotel Cuevas con las ofertas del hotel que te agregar\u00e1n un valor adicional a tu estancia.<\/p>\n","protected":false},"author":1,"featured_media":0,"parent":0,"menu_order":0,"comment_status":"closed","ping_status":"closed","template":"elementor_header_footer","meta":{"footnotes":""},"class_list":["post-1212","page","type-page","status-publish","hentry"],"yoast_head":"<!-- This site is optimized with the Yoast SEO plugin v27.5 - https:\/\/yoast.com\/product\/yoast-seo-wordpress\/ -->\n<title>Club Hotel Cuevas - Cuevas Hotel in Santillana del Mar<\/title>\n<meta name=\"description\" content=\"\u00danete a nuestro club y empieza a disfrutar de condiciones especiales pensadas solo para ti. Descuentos exclusivos para ti\" \/>\n<meta name=\"robots\" content=\"index, follow, max-snippet:-1, max-image-preview:large, max-video-preview:-1\" \/>\n<link rel=\"canonical\" href=\"https:\/\/hotelcuevas.com\/en\/club-cuevas\/\" \/>\n<meta property=\"og:locale\" content=\"es_ES\" \/>\n<meta property=\"og:type\" content=\"article\" \/>\n<meta property=\"og:title\" content=\"Club Hotel Cuevas - Cuevas Hotel in Santillana del Mar\" \/>\n<meta property=\"og:description\" content=\"\u00danete a nuestro club y empieza a disfrutar de condiciones especiales pensadas solo para ti. Descuentos exclusivos para ti\" \/>\n<meta property=\"og:url\" content=\"https:\/\/hotelcuevas.com\/en\/club-cuevas\/\" \/>\n<meta property=\"og:site_name\" content=\"Cuevas Hotel in Santillana del Mar\" \/>\n<meta property=\"article:modified_time\" content=\"2025-04-11T10:46:43+00:00\" \/>\n<meta name=\"twitter:card\" content=\"summary_large_image\" \/>\n<meta name=\"twitter:label1\" content=\"Tiempo de lectura\" \/>\n\t<meta name=\"twitter:data1\" content=\"1 minuto\" \/>\n<script type=\"application\/ld+json\" class=\"yoast-schema-graph\">{\"@context\":\"https:\\\/\\\/schema.org\",\"@graph\":[{\"@type\":\"WebPage\",\"@id\":\"https:\\\/\\\/hotelcuevas.com\\\/en\\\/club-cuevas\\\/\",\"url\":\"https:\\\/\\\/hotelcuevas.com\\\/en\\\/club-cuevas\\\/\",\"name\":\"Club Hotel Cuevas - Cuevas Hotel in Santillana del Mar\",\"isPartOf\":{\"@id\":\"https:\\\/\\\/hotelcuevas.com\\\/en\\\/#website\"},\"datePublished\":\"2025-03-31T12:27:37+00:00\",\"dateModified\":\"2025-04-11T10:46:43+00:00\",\"description\":\"\u00danete a nuestro club y empieza a disfrutar de condiciones especiales pensadas solo para ti. Descuentos exclusivos para ti\",\"breadcrumb\":{\"@id\":\"https:\\\/\\\/hotelcuevas.com\\\/en\\\/club-cuevas\\\/#breadcrumb\"},\"inLanguage\":\"es\",\"potentialAction\":[{\"@type\":\"ReadAction\",\"target\":[\"https:\\\/\\\/hotelcuevas.com\\\/en\\\/club-cuevas\\\/\"]}]},{\"@type\":\"BreadcrumbList\",\"@id\":\"https:\\\/\\\/hotelcuevas.com\\\/en\\\/club-cuevas\\\/#breadcrumb\",\"itemListElement\":[{\"@type\":\"ListItem\",\"position\":1,\"name\":\"Portada\",\"item\":\"https:\\\/\\\/hotelcuevas.com\\\/en\\\/\"},{\"@type\":\"ListItem\",\"position\":2,\"name\":\"Club Hotel Cuevas\"}]},{\"@type\":\"WebSite\",\"@id\":\"https:\\\/\\\/hotelcuevas.com\\\/en\\\/#website\",\"url\":\"https:\\\/\\\/hotelcuevas.com\\\/en\\\/\",\"name\":\"Cuevas Hotel in Santillana del Mar\",\"description\":\"Web Oficial - Mejor precio Garantizado\",\"publisher\":{\"@id\":\"https:\\\/\\\/hotelcuevas.com\\\/en\\\/#organization\"},\"potentialAction\":[{\"@type\":\"SearchAction\",\"target\":{\"@type\":\"EntryPoint\",\"urlTemplate\":\"https:\\\/\\\/hotelcuevas.com\\\/en\\\/?s={search_term_string}\"},\"query-input\":{\"@type\":\"PropertyValueSpecification\",\"valueRequired\":true,\"valueName\":\"search_term_string\"}}],\"inLanguage\":\"es\"},{\"@type\":\"Organization\",\"@id\":\"https:\\\/\\\/hotelcuevas.com\\\/en\\\/#organization\",\"name\":\"Cuevas Hotel in Santillana del Mar\",\"url\":\"https:\\\/\\\/hotelcuevas.com\\\/en\\\/\",\"logo\":{\"@type\":\"ImageObject\",\"inLanguage\":\"es\",\"@id\":\"https:\\\/\\\/hotelcuevas.com\\\/en\\\/#\\\/schema\\\/logo\\\/image\\\/\",\"url\":\"https:\\\/\\\/hotelcuevas.com\\\/en\\\/wp-content\\\/uploads\\\/sites\\\/2\\\/hotel-cuevas-logo-b.webp\",\"contentUrl\":\"https:\\\/\\\/hotelcuevas.com\\\/en\\\/wp-content\\\/uploads\\\/sites\\\/2\\\/hotel-cuevas-logo-b.webp\",\"width\":205,\"height\":256,\"caption\":\"Cuevas Hotel in Santillana del Mar\"},\"image\":{\"@id\":\"https:\\\/\\\/hotelcuevas.com\\\/en\\\/#\\\/schema\\\/logo\\\/image\\\/\"}}]}<\/script>\n<!-- \/ Yoast SEO plugin. -->","yoast_head_json":{"title":"Club Hotel Cuevas - Cuevas Hotel in Santillana del Mar","description":"\u00danete a nuestro club y empieza a disfrutar de condiciones especiales pensadas solo para ti. Descuentos exclusivos para ti","robots":{"index":"index","follow":"follow","max-snippet":"max-snippet:-1","max-image-preview":"max-image-preview:large","max-video-preview":"max-video-preview:-1"},"canonical":"https:\/\/hotelcuevas.com\/en\/club-cuevas\/","og_locale":"es_ES","og_type":"article","og_title":"Club Hotel Cuevas - Cuevas Hotel in Santillana del Mar","og_description":"\u00danete a nuestro club y empieza a disfrutar de condiciones especiales pensadas solo para ti. Descuentos exclusivos para ti","og_url":"https:\/\/hotelcuevas.com\/en\/club-cuevas\/","og_site_name":"Cuevas Hotel in Santillana del Mar","article_modified_time":"2025-04-11T10:46:43+00:00","twitter_card":"summary_large_image","twitter_misc":{"Tiempo de lectura":"1 minuto"},"schema":{"@context":"https:\/\/schema.org","@graph":[{"@type":"WebPage","@id":"https:\/\/hotelcuevas.com\/en\/club-cuevas\/","url":"https:\/\/hotelcuevas.com\/en\/club-cuevas\/","name":"Club Hotel Cuevas - Cuevas Hotel in Santillana del Mar","isPartOf":{"@id":"https:\/\/hotelcuevas.com\/en\/#website"},"datePublished":"2025-03-31T12:27:37+00:00","dateModified":"2025-04-11T10:46:43+00:00","description":"\u00danete a nuestro club y empieza a disfrutar de condiciones especiales pensadas solo para ti. Descuentos exclusivos para ti","breadcrumb":{"@id":"https:\/\/hotelcuevas.com\/en\/club-cuevas\/#breadcrumb"},"inLanguage":"es","potentialAction":[{"@type":"ReadAction","target":["https:\/\/hotelcuevas.com\/en\/club-cuevas\/"]}]},{"@type":"BreadcrumbList","@id":"https:\/\/hotelcuevas.com\/en\/club-cuevas\/#breadcrumb","itemListElement":[{"@type":"ListItem","position":1,"name":"Portada","item":"https:\/\/hotelcuevas.com\/en\/"},{"@type":"ListItem","position":2,"name":"Club Hotel Cuevas"}]},{"@type":"WebSite","@id":"https:\/\/hotelcuevas.com\/en\/#website","url":"https:\/\/hotelcuevas.com\/en\/","name":"Cuevas Hotel in Santillana del Mar","description":"Web Oficial - Mejor precio Garantizado","publisher":{"@id":"https:\/\/hotelcuevas.com\/en\/#organization"},"potentialAction":[{"@type":"SearchAction","target":{"@type":"EntryPoint","urlTemplate":"https:\/\/hotelcuevas.com\/en\/?s={search_term_string}"},"query-input":{"@type":"PropertyValueSpecification","valueRequired":true,"valueName":"search_term_string"}}],"inLanguage":"es"},{"@type":"Organization","@id":"https:\/\/hotelcuevas.com\/en\/#organization","name":"Cuevas Hotel in Santillana del Mar","url":"https:\/\/hotelcuevas.com\/en\/","logo":{"@type":"ImageObject","inLanguage":"es","@id":"https:\/\/hotelcuevas.com\/en\/#\/schema\/logo\/image\/","url":"https:\/\/hotelcuevas.com\/en\/wp-content\/uploads\/sites\/2\/hotel-cuevas-logo-b.webp","contentUrl":"https:\/\/hotelcuevas.com\/en\/wp-content\/uploads\/sites\/2\/hotel-cuevas-logo-b.webp","width":205,"height":256,"caption":"Cuevas Hotel in Santillana del Mar"},"image":{"@id":"https:\/\/hotelcuevas.com\/en\/#\/schema\/logo\/image\/"}}]}},"_links":{"self":[{"href":"https:\/\/hotelcuevas.com\/en\/wp-json\/wp\/v2\/pages\/1212","targetHints":{"allow":["GET"]}}],"collection":[{"href":"https:\/\/hotelcuevas.com\/en\/wp-json\/wp\/v2\/pages"}],"about":[{"href":"https:\/\/hotelcuevas.com\/en\/wp-json\/wp\/v2\/types\/page"}],"author":[{"embeddable":true,"href":"https:\/\/hotelcuevas.com\/en\/wp-json\/wp\/v2\/users\/1"}],"replies":[{"embeddable":true,"href":"https:\/\/hotelcuevas.com\/en\/wp-json\/wp\/v2\/comments?post=1212"}],"version-history":[{"count":16,"href":"https:\/\/hotelcuevas.com\/en\/wp-json\/wp\/v2\/pages\/1212\/revisions"}],"predecessor-version":[{"id":5629,"href":"https:\/\/hotelcuevas.com\/en\/wp-json\/wp\/v2\/pages\/1212\/revisions\/5629"}],"wp:attachment":[{"href":"https:\/\/hotelcuevas.com\/en\/wp-json\/wp\/v2\/media?parent=1212"}],"curies":[{"name":"wp","href":"https:\/\/api.w.org\/{rel}","templated":true}]}}